{"id":2108,"date":"2021-03-22T21:33:51","date_gmt":"2021-03-22T20:33:51","guid":{"rendered":"https:\/\/www.evistone.com\/en\/?page_id=2108"},"modified":"2021-03-22T21:35:48","modified_gmt":"2021-03-22T20:35:48","slug":"spa-pool","status":"publish","type":"page","link":"https:\/\/www.evistone.com\/en\/spa-pool\/","title":{"rendered":"Spa &#038; pool"},"content":{"rendered":"<p>[vc_row row_type=&#8221;row&#8221; use_row_as_full_screen_section=&#8221;no&#8221; type=&#8221;full_width&#8221; text_align=&#8221;left&#8221; background_animation=&#8221;none&#8221; css_animation=&#8221;&#8221;][vc_column css=&#8221;.vc_custom_1607338290083{margin-bottom: 2% !important;}&#8221;][vc_column_text]<\/p>\n<h3 style=\"text-align: center;\">Our exceptional pools and spas<\/h3>\n<p>[\/vc_column_text][\/vc_column][\/vc_row][vc_row row_type=&#8221;row&#8221; use_row_as_full_screen_section=&#8221;no&#8221; type=&#8221;full_width&#8221; text_align=&#8221;left&#8221; background_animation=&#8221;none&#8221; css_animation=&#8221;&#8221;][vc_column][vc_empty_space height=&#8221;50px&#8221;][\/vc_column][\/vc_row][vc_row row_type=&#8221;row&#8221; use_row_as_full_screen_section=&#8221;no&#8221; type=&#8221;grid&#8221; text_align=&#8221;left&#8221; background_animation=&#8221;none&#8221; css_animation=&#8221;&#8221;][vc_column width=&#8221;1\/2&#8243;][vc_column_text]Depuis toujours associ\u00e9e \u00e0 la qualit\u00e9 haut-de-gamme, la marque Evistone a le plaisir de vous pr\u00e9senter sa toute nouvelle collection de bains \u00e0 remous, piscines et couloirs de nage..<\/p>\n<p>&nbsp;<\/p>\n<p>R\u00e9alis\u00e9es enti\u00e8rement en nos ateliers depuis leur conception jusqu\u2019\u00e0 la finition, ces pi\u00e8ces uniques vont vous \u00e9tonner, non seulement par leur fonctionnalit\u00e9 mais aussi par leur esth\u00e9tisme.[\/vc_column_text][\/vc_column][vc_column width=&#8221;1\/2&#8243;][vc_single_image image=&#8221;1853&#8243; img_size=&#8221;full&#8221; qode_css_animation=&#8221;&#8221;][\/vc_column][\/vc_row][vc_row row_type=&#8221;row&#8221; use_row_as_full_screen_section=&#8221;no&#8221; type=&#8221;full_width&#8221; text_align=&#8221;left&#8221; background_animation=&#8221;none&#8221; css_animation=&#8221;&#8221;][vc_column][vc_empty_space height=&#8221;50px&#8221;][\/vc_column][\/vc_row][vc_row row_type=&#8221;row&#8221; use_row_as_full_screen_section=&#8221;no&#8221; type=&#8221;grid&#8221; text_align=&#8221;left&#8221; background_animation=&#8221;none&#8221; css_animation=&#8221;&#8221;][vc_column width=&#8221;1\/2&#8243;][vc_single_image image=&#8221;2019&#8243; img_size=&#8221;full&#8221; style=&#8221;vc_box_rounded&#8221; qode_css_animation=&#8221;&#8221;][\/vc_column][vc_column width=&#8221;1\/2&#8243;][vc_column_text]Hormis le fait que nos bains \u00e0 remous et nos couloirs de nage o\ufb00rent une myriade de possibilit\u00e9s telles que le r\u00e9glage de la disposition des assises, le type d\u2019\u00e9clairage, la position et de l\u2019intensit\u00e9 des jets\u2026, ils repr\u00e9sentent en soi de v\u00e9ritables objets artistiques et d\u00e9coratifs qui embellissent votre habitation.<\/p>\n<p>&nbsp;<\/p>\n<p>Nous \u00e9tudions tous les projets au cas par cas selon vos attentes et dans un souci d\u2019int\u00e9grer au mieux cette pi\u00e8ce d\u2019exception au sein de votre habitat.<\/p>\n<p>[\/vc_column_text][\/vc_column][\/vc_row][vc_row row_type=&#8221;row&#8221; use_row_as_full_screen_section=&#8221;no&#8221; type=&#8221;full_width&#8221; text_align=&#8221;left&#8221; background_animation=&#8221;none&#8221; css_animation=&#8221;&#8221;][vc_column][vc_empty_space height=&#8221;50px&#8221;][\/vc_column][\/vc_row][vc_row row_type=&#8221;row&#8221; use_row_as_full_screen_section=&#8221;no&#8221; type=&#8221;grid&#8221; text_align=&#8221;left&#8221; background_animation=&#8221;none&#8221; css_animation=&#8221;&#8221;][vc_column width=&#8221;1\/2&#8243;][vc_column_text]Nous vous o\ufb00rons la possibilit\u00e9 de customiser \u00e0 l\u2019infini l\u2019int\u00e9rieur et l\u2019ext\u00e9rieur de nos cr\u00e9ations. Nous les habillons de mati\u00e8res telles que la c\u00e9ramique, le bois, le verre, l\u2019inox ou la pierre, et les sublimons avec des incrustations personnalisables qui rendront votre pi\u00e8ce unique.<\/p>\n<p>&nbsp;<\/p>\n<p>Nos r\u00e9alisations sont soit \u00e0 d\u00e9poser sur le sol, soit semi-encastrables ou encastrables. Elles pr\u00e9sentent l\u2019atout de pouvoir \u00eatre facilement d\u00e9plac\u00e9es en cas de changement d\u2019am\u00e9nagement de votre espace ou de d\u00e9m\u00e9nagement.[\/vc_column_text][\/vc_column][vc_column width=&#8221;1\/2&#8243;][vc_single_image image=&#8221;1924&#8243; img_size=&#8221;full&#8221; alignment=&#8221;right&#8221; style=&#8221;vc_box_rounded&#8221; qode_css_animation=&#8221;&#8221;][\/vc_column][\/vc_row][vc_row row_type=&#8221;row&#8221; use_row_as_full_screen_section=&#8221;no&#8221; type=&#8221;full_width&#8221; text_align=&#8221;left&#8221; background_animation=&#8221;none&#8221; css_animation=&#8221;&#8221;][vc_column][vc_empty_space height=&#8221;50px&#8221;][\/vc_column][\/vc_row][vc_row row_type=&#8221;row&#8221; use_row_as_full_screen_section=&#8221;no&#8221; type=&#8221;grid&#8221; text_align=&#8221;left&#8221; background_animation=&#8221;none&#8221; css_animation=&#8221;&#8221;][vc_column width=&#8221;1\/2&#8243;][vc_single_image image=&#8221;2017&#8243; img_size=&#8221;full&#8221; style=&#8221;vc_box_rounded&#8221; qode_css_animation=&#8221;&#8221;][\/vc_column][vc_column width=&#8221;1\/2&#8243;][vc_column_text]Nous vous garantissons un produit 100% belge et artisanal gr\u00e2ce \u00e0 notre site de production d\u2019un hectare sur lequel sont regroup\u00e9s des machines derni\u00e8re technologie qui nous permettent de travailler di\ufb00\u00e9rentes mati\u00e8res telles que le marbre, la pierre, la c\u00e9ramique, le verre, le bois et les m\u00e9taux.<\/p>\n<p>&nbsp;<\/p>\n<p>Nous nous d\u00e9marquons en tirant notre force de la fiabilit\u00e9 et de la robustesse que permet la haute technologie dont nous disposons, associ\u00e9es \u00e0 la cr\u00e9ativit\u00e9, au design et au savoir-faire artisanal encr\u00e9s dans l\u2019\u00e2me d\u2019Evistone.[\/vc_column_text][\/vc_column][\/vc_row]<\/p>\n","protected":false},"excerpt":{"rendered":"<p>[vc_row row_type=&#8221;row&#8221; use_row_as_full_screen_section=&#8221;no&#8221; type=&#8221;full_width&#8221; text_align=&#8221;left&#8221; background_animation=&#8221;none&#8221; css_animation=&#8221;&#8221;][vc_column css=&#8221;.vc_custom_1607338290083{margin-bottom: 2% !important;}&#8221;][vc_column_text] Our exceptional pools and spas [\/vc_column_text][\/vc_column][\/vc_row][vc_row row_type=&#8221;row&#8221; use_row_as_full_screen_section=&#8221;no&#8221; type=&#8221;full_width&#8221; text_align=&#8221;left&#8221; background_animation=&#8221;none&#8221; css_animation=&#8221;&#8221;][vc_column][vc_empty_space height=&#8221;50px&#8221;][\/vc_column][\/vc_row][vc_row row_type=&#8221;row&#8221; use_row_as_full_screen_section=&#8221;no&#8221; type=&#8221;grid&#8221; text_align=&#8221;left&#8221; background_animation=&#8221;none&#8221; css_animation=&#8221;&#8221;][vc_column width=&#8221;1\/2&#8243;][vc_column_text]Depuis toujours associ\u00e9e \u00e0 la qualit\u00e9 haut-de-gamme, la marque Evistone a le plaisir de vous pr\u00e9senter&#8230;<\/p>\n","protected":false},"author":1,"featured_media":0,"parent":0,"menu_order":0,"comment_status":"closed","ping_status":"closed","template":"contact-page.php","meta":{"footnotes":""},"yoast_head":"<!-- This site is optimized with the Yoast SEO plugin v17.4 - https:\/\/yoast.com\/wordpress\/plugins\/seo\/ -->\n<title>Spa &amp; pool - Evistone<\/title>\n<meta name=\"robots\" content=\"index, follow, max-snippet:-1, max-image-preview:large, max-video-preview:-1\" \/>\n<link rel=\"canonical\" href=\"https:\/\/www.evistone.com\/en\/spa-pool\/\" \/>\n<meta property=\"og:locale\" content=\"en_US\" \/>\n<meta property=\"og:type\" content=\"article\" \/>\n<meta property=\"og:title\" content=\"Spa &amp; pool - Evistone\" \/>\n<meta property=\"og:description\" content=\"[vc_row row_type=&#8221;row&#8221; use_row_as_full_screen_section=&#8221;no&#8221; type=&#8221;full_width&#8221; text_align=&#8221;left&#8221; background_animation=&#8221;none&#8221; css_animation=&#8221;&#8221;][vc_column css=&#8221;.vc_custom_1607338290083{margin-bottom: 2% !important;}&#8221;][vc_column_text] Our exceptional pools and spas [\/vc_column_text][\/vc_column][\/vc_row][vc_row row_type=&#8221;row&#8221; use_row_as_full_screen_section=&#8221;no&#8221; type=&#8221;full_width&#8221; text_align=&#8221;left&#8221; background_animation=&#8221;none&#8221; css_animation=&#8221;&#8221;][vc_column][vc_empty_space height=&#8221;50px&#8221;][\/vc_column][\/vc_row][vc_row row_type=&#8221;row&#8221; use_row_as_full_screen_section=&#8221;no&#8221; type=&#8221;grid&#8221; text_align=&#8221;left&#8221; background_animation=&#8221;none&#8221; css_animation=&#8221;&#8221;][vc_column width=&#8221;1\/2&#8243;][vc_column_text]Depuis toujours associ\u00e9e \u00e0 la qualit\u00e9 haut-de-gamme, la marque Evistone a le plaisir de vous pr\u00e9senter...\" \/>\n<meta property=\"og:url\" content=\"https:\/\/www.evistone.com\/en\/spa-pool\/\" \/>\n<meta property=\"og:site_name\" content=\"Evistone\" \/>\n<meta property=\"article:modified_time\" content=\"2021-03-22T20:35:48+00:00\" \/>\n<meta name=\"twitter:card\" content=\"summary_large_image\" \/>\n<meta name=\"twitter:label1\" content=\"Est. reading time\" \/>\n\t<meta name=\"twitter:data1\" content=\"4 minutes\" \/>\n<script type=\"application\/ld+json\" class=\"yoast-schema-graph\">{\"@context\":\"https:\/\/schema.org\",\"@graph\":[{\"@type\":\"WebSite\",\"@id\":\"https:\/\/www.evistone.com\/#website\",\"url\":\"https:\/\/www.evistone.com\/\",\"name\":\"Evistone\",\"description\":\"Mobilier haut de gamme sur mesure\",\"potentialAction\":[{\"@type\":\"SearchAction\",\"target\":{\"@type\":\"EntryPoint\",\"urlTemplate\":\"https:\/\/www.evistone.com\/?s={search_term_string}\"},\"query-input\":\"required name=search_term_string\"}],\"inLanguage\":\"en-US\"},{\"@type\":\"WebPage\",\"@id\":\"https:\/\/www.evistone.com\/en\/spa-pool\/#webpage\",\"url\":\"https:\/\/www.evistone.com\/en\/spa-pool\/\",\"name\":\"Spa & pool - Evistone\",\"isPartOf\":{\"@id\":\"https:\/\/www.evistone.com\/#website\"},\"datePublished\":\"2021-03-22T20:33:51+00:00\",\"dateModified\":\"2021-03-22T20:35:48+00:00\",\"breadcrumb\":{\"@id\":\"https:\/\/www.evistone.com\/en\/spa-pool\/#breadcrumb\"},\"inLanguage\":\"en-US\",\"potentialAction\":[{\"@type\":\"ReadAction\",\"target\":[\"https:\/\/www.evistone.com\/en\/spa-pool\/\"]}]},{\"@type\":\"BreadcrumbList\",\"@id\":\"https:\/\/www.evistone.com\/en\/spa-pool\/#breadcrumb\",\"itemListElement\":[{\"@type\":\"ListItem\",\"position\":1,\"name\":\"Home\",\"item\":\"https:\/\/www.evistone.com\/\"},{\"@type\":\"ListItem\",\"position\":2,\"name\":\"Spa &#038; pool\"}]}]}<\/script>\n<!-- \/ Yoast SEO plugin. -->","yoast_head_json":{"title":"Spa & pool - Evistone","robots":{"index":"index","follow":"follow","max-snippet":"max-snippet:-1","max-image-preview":"max-image-preview:large","max-video-preview":"max-video-preview:-1"},"canonical":"https:\/\/www.evistone.com\/en\/spa-pool\/","og_locale":"en_US","og_type":"article","og_title":"Spa & pool - Evistone","og_description":"[vc_row row_type=&#8221;row&#8221; use_row_as_full_screen_section=&#8221;no&#8221; type=&#8221;full_width&#8221; text_align=&#8221;left&#8221; background_animation=&#8221;none&#8221; css_animation=&#8221;&#8221;][vc_column css=&#8221;.vc_custom_1607338290083{margin-bottom: 2% !important;}&#8221;][vc_column_text] Our exceptional pools and spas [\/vc_column_text][\/vc_column][\/vc_row][vc_row row_type=&#8221;row&#8221; use_row_as_full_screen_section=&#8221;no&#8221; type=&#8221;full_width&#8221; text_align=&#8221;left&#8221; background_animation=&#8221;none&#8221; css_animation=&#8221;&#8221;][vc_column][vc_empty_space height=&#8221;50px&#8221;][\/vc_column][\/vc_row][vc_row row_type=&#8221;row&#8221; use_row_as_full_screen_section=&#8221;no&#8221; type=&#8221;grid&#8221; text_align=&#8221;left&#8221; background_animation=&#8221;none&#8221; css_animation=&#8221;&#8221;][vc_column width=&#8221;1\/2&#8243;][vc_column_text]Depuis toujours associ\u00e9e \u00e0 la qualit\u00e9 haut-de-gamme, la marque Evistone a le plaisir de vous pr\u00e9senter...","og_url":"https:\/\/www.evistone.com\/en\/spa-pool\/","og_site_name":"Evistone","article_modified_time":"2021-03-22T20:35:48+00:00","twitter_card":"summary_large_image","twitter_misc":{"Est. reading time":"4 minutes"},"schema":{"@context":"https:\/\/schema.org","@graph":[{"@type":"WebSite","@id":"https:\/\/www.evistone.com\/#website","url":"https:\/\/www.evistone.com\/","name":"Evistone","description":"Mobilier haut de gamme sur mesure","potentialAction":[{"@type":"SearchAction","target":{"@type":"EntryPoint","urlTemplate":"https:\/\/www.evistone.com\/?s={search_term_string}"},"query-input":"required name=search_term_string"}],"inLanguage":"en-US"},{"@type":"WebPage","@id":"https:\/\/www.evistone.com\/en\/spa-pool\/#webpage","url":"https:\/\/www.evistone.com\/en\/spa-pool\/","name":"Spa & pool - Evistone","isPartOf":{"@id":"https:\/\/www.evistone.com\/#website"},"datePublished":"2021-03-22T20:33:51+00:00","dateModified":"2021-03-22T20:35:48+00:00","breadcrumb":{"@id":"https:\/\/www.evistone.com\/en\/spa-pool\/#breadcrumb"},"inLanguage":"en-US","potentialAction":[{"@type":"ReadAction","target":["https:\/\/www.evistone.com\/en\/spa-pool\/"]}]},{"@type":"BreadcrumbList","@id":"https:\/\/www.evistone.com\/en\/spa-pool\/#breadcrumb","itemListElement":[{"@type":"ListItem","position":1,"name":"Home","item":"https:\/\/www.evistone.com\/"},{"@type":"ListItem","position":2,"name":"Spa &#038; pool"}]}]}},"_links":{"self":[{"href":"https:\/\/www.evistone.com\/en\/wp-json\/wp\/v2\/pages\/2108"}],"collection":[{"href":"https:\/\/www.evistone.com\/en\/wp-json\/wp\/v2\/pages"}],"about":[{"href":"https:\/\/www.evistone.com\/en\/wp-json\/wp\/v2\/types\/page"}],"author":[{"embeddable":true,"href":"https:\/\/www.evistone.com\/en\/wp-json\/wp\/v2\/users\/1"}],"replies":[{"embeddable":true,"href":"https:\/\/www.evistone.com\/en\/wp-json\/wp\/v2\/comments?post=2108"}],"version-history":[{"count":2,"href":"https:\/\/www.evistone.com\/en\/wp-json\/wp\/v2\/pages\/2108\/revisions"}],"predecessor-version":[{"id":2110,"href":"https:\/\/www.evistone.com\/en\/wp-json\/wp\/v2\/pages\/2108\/revisions\/2110"}],"wp:attachment":[{"href":"https:\/\/www.evistone.com\/en\/wp-json\/wp\/v2\/media?parent=2108"}],"curies":[{"name":"wp","href":"https:\/\/api.w.org\/{rel}","templated":true}]}}