{"id":2276,"date":"2017-06-19T14:25:34","date_gmt":"2017-06-19T14:25:34","guid":{"rendered":"https:\/\/www.evistone.com\/de\/notre-histoire\/"},"modified":"2021-04-14T21:28:36","modified_gmt":"2021-04-14T19:28:36","slug":"unsere-geschichte","status":"publish","type":"page","link":"https:\/\/www.evistone.com\/de\/unsere-geschichte\/","title":{"rendered":"Unsere Geschichte"},"content":{"rendered":"<p>[vc_row row_type=&#8221;row&#8221; use_row_as_full_screen_section=&#8221;no&#8221; type=&#8221;full_width&#8221; text_align=&#8221;left&#8221; background_animation=&#8221;none&#8221; css_animation=&#8221;&#8221; css=&#8221;.vc_custom_1608058991679{margin-top: 3% !important;}&#8221;][vc_column css=&#8221;.vc_custom_1607338290083{margin-bottom: 2% !important;}&#8221;][vc_column_text]<\/p>\n<h3 style=\"text-align: center;\"><strong>R\u00fcckblick auf 20 Jahre Evistone&#8230;<\/strong><\/h3>\n<p>[\/vc_column_text][\/vc_column][\/vc_row][vc_row row_type=&#8221;row&#8221; use_row_as_full_screen_section=&#8221;no&#8221; type=&#8221;full_width&#8221; text_align=&#8221;left&#8221; background_animation=&#8221;none&#8221; css_animation=&#8221;&#8221;][vc_column width=&#8221;1\/6&#8243;][\/vc_column][vc_column width=&#8221;2\/3&#8243;][vc_video link=&#8221;https:\/\/www.youtube.com\/watch?v=fY-Gcfx2AvQ&amp;ab_channel=Evistone&#8221;][\/vc_column][vc_column width=&#8221;1\/6&#8243;][\/vc_column][\/vc_row][vc_row row_type=&#8221;row&#8221; use_row_as_full_screen_section=&#8221;no&#8221; type=&#8221;full_width&#8221; text_align=&#8221;left&#8221; background_animation=&#8221;none&#8221; css_animation=&#8221;&#8221;][vc_column][vc_empty_space height=&#8221;50px&#8221;][\/vc_column][\/vc_row][vc_row row_type=&#8221;row&#8221; use_row_as_full_screen_section=&#8221;no&#8221; type=&#8221;grid&#8221; text_align=&#8221;left&#8221; background_animation=&#8221;none&#8221; css_animation=&#8221;&#8221;][vc_column width=&#8221;1\/2&#8243;][vc_empty_space height=&#8221;50px&#8221;][vc_column_text]<\/p>\n<h4><strong><em>Gaetano FERRARA, wer sind Sie?<\/em><\/strong><\/h4>\n<p>[\/vc_column_text][vc_column_text]<em>GF \/ Ich bin vor allem jemand, der neugierig ist und sich f\u00fcr die Welt um mich herum begeistert. Wenn ich eine Idee habe, muss ich sie sofort in die Tat umsetzen. Als gelernter Elektromechaniker liebe ich es, meine Arbeitsmittel anzupassen und zu entfremden, um auch mal ungew\u00f6hnliche Projekte durchf\u00fchren zu k\u00f6nnen.<\/em>[\/vc_column_text][vc_empty_space height=&#8221;50px&#8221;][vc_column_text]<\/p>\n<h4><em><strong>Wie arbeiten Sie?<\/strong><\/em><\/h4>\n<p>[\/vc_column_text][vc_column_text]<em>GF \/ Durch einen eher puristischen und minimalistischen Stil m\u00f6chte ich den Schwerpunkt auf rohe Materialien legen, um das \u00dcberfl\u00fcssige loszuwerden und zum Wesentlichen zur\u00fcckzukehren.<\/em>[\/vc_column_text][\/vc_column][vc_column width=&#8221;1\/2&#8243; css=&#8221;.vc_custom_1607432928215{margin-top: 70px !important;margin-bottom: 100px !important;padding-top: 50px !important;padding-bottom: 50px !important;background-image: url(https:\/\/www.evistone.com\/wordpress\/wp-content\/uploads\/2020\/05\/about-us-bg-01-2-evistone.jpg?id=989) !important;background-position: center !important;background-repeat: no-repeat !important;background-size: cover !important;}&#8221;][vc_empty_space height=&#8221;350px&#8221;][\/vc_column][\/vc_row][vc_row row_type=&#8221;row&#8221; use_row_as_full_screen_section=&#8221;no&#8221; type=&#8221;full_width&#8221; text_align=&#8221;left&#8221; background_animation=&#8221;none&#8221; css_animation=&#8221;&#8221;][vc_column][vc_empty_space height=&#8221;50px&#8221;][\/vc_column][\/vc_row][vc_row row_type=&#8221;row&#8221; use_row_as_full_screen_section=&#8221;no&#8221; type=&#8221;grid&#8221; text_align=&#8221;left&#8221; background_animation=&#8221;none&#8221; css_animation=&#8221;&#8221;][vc_column width=&#8221;1\/2&#8243;][vc_single_image image=&#8221;981&#8243; img_size=&#8221;full&#8221; qode_css_animation=&#8221;&#8221; css=&#8221;.vc_custom_1607978425641{margin-right: 30px !important;}&#8221;][\/vc_column][vc_column width=&#8221;1\/2&#8243;][vc_column_text]<\/p>\n<h4><em><strong>Wie haben Ihnen Ihre Wurzeln geholfen, der Mann zu werden, der Sie heute sind?<\/strong><\/em><\/h4>\n<p>[\/vc_column_text][vc_column_text]Meine Arbeit als K\u00fcnstler ist direkt mit meinem Lebensweg und meinem Familienerbe verbunden. Als j\u00fcngstes von sechs Kindern wurde ich schon als Kind von meinem Vater, der gelernter Maurer war, ausgebildet. Manchmal nahm er abends ein St\u00fcck Metall, erhitzte es im Kamin und zeigte uns, wie man es bearbeitet, wie man es modelliert. Wir hatten auch eine Werkstatt unter dem Haus, wo mein Vater und meine Br\u00fcder in Stein gearbeitet haben. So wurde ich schon sehr fr\u00fch in das Schneiden und Gestalten dieses edlen Materials eingeweiht.<\/p>\n<p><em>\u00a0<\/em><\/p>\n<p>Als Teenager lernte ich von meinem Onkel, einem Tischler, die Holzbearbeitung. Mit 18 Jahren stieg ich in den Familienbetrieb ein und absolvierte gleichzeitig ein Abendstudium der Elektromechanik. Ich liebte es, die Maschinen in unserer Werkstatt zu reparieren und anzupassen. Bald wollte ich meine eigenen Maschinen bauen, um meine Leistungsf\u00e4higkeit und meine Sch\u00f6pferkraft zu verbessern. Danach reiste ich nach Frankreich, in die Schweiz, nach Italien&#8230; Ich wurde in neuen Techniken geschult, um die Weiterverarbeitung von Rohstoffen zu vertiefen.[\/vc_column_text][\/vc_column][\/vc_row][vc_row row_type=&#8221;row&#8221; use_row_as_full_screen_section=&#8221;no&#8221; type=&#8221;full_width&#8221; text_align=&#8221;left&#8221; background_animation=&#8221;none&#8221; css_animation=&#8221;&#8221;][vc_column][vc_empty_space height=&#8221;50px&#8221;][\/vc_column][\/vc_row][vc_row row_type=&#8221;row&#8221; use_row_as_full_screen_section=&#8221;no&#8221; type=&#8221;grid&#8221; text_align=&#8221;left&#8221; background_animation=&#8221;none&#8221; css_animation=&#8221;&#8221;][vc_column width=&#8221;1\/2&#8243;][vc_column_text]<\/p>\n<h4><em><strong>Erz\u00e4hlen Sie uns, wie das Evistone-Abenteuer entstanden ist.<\/strong><\/em><\/h4>\n<p>[\/vc_column_text][vc_column_text]<\/p>\n<p style=\"font-weight: 400;\"><em>GF \/ Es war in den fr\u00fchen 2000er Jahren, als ich mich selbst\u00e4ndig machte. Ich habe sofort in die Technik investiert. In der Tat war ich einer der ersten, der ein Bearbeitungszentrum in der Region Hauts-Sarts besa\u00df, in der wir ans\u00e4ssig sind.<\/em><\/p>\n<p style=\"font-weight: 400;\"><em>Wir entwickeln Produktreihen f\u00fcr B\u00e4der, K\u00fcchen und M\u00f6bel der Spitzenklasse. Wir haben an einer Vielzahl von Messen in der ganzen Welt teilgenommen, wie z.B. Paris, Amsterdam, Dubai, Katar und nicht zu vergessen Belgien. Die dabei entstandenen Begegnungen haben es uns erm\u00f6glicht, prestigetr\u00e4chtige Projekte zu verwirklichen.<\/em><\/p>\n<p>[\/vc_column_text][\/vc_column][vc_column width=&#8221;1\/2&#8243;][vc_single_image image=&#8221;1756&#8243; img_size=&#8221;full&#8221; qode_css_animation=&#8221;&#8221;][\/vc_column][\/vc_row][vc_row row_type=&#8221;row&#8221; use_row_as_full_screen_section=&#8221;no&#8221; type=&#8221;full_width&#8221; text_align=&#8221;left&#8221; background_animation=&#8221;none&#8221; css_animation=&#8221;&#8221;][vc_column][vc_empty_space height=&#8221;50px&#8221;][\/vc_column][\/vc_row][vc_row row_type=&#8221;row&#8221; use_row_as_full_screen_section=&#8221;no&#8221; type=&#8221;grid&#8221; text_align=&#8221;left&#8221; background_animation=&#8221;none&#8221; css_animation=&#8221;&#8221;][vc_column width=&#8221;1\/2&#8243;][vc_single_image image=&#8221;1758&#8243; img_size=&#8221;full&#8221; qode_css_animation=&#8221;&#8221; css=&#8221;.vc_custom_1607978446463{margin-right: 30px !important;}&#8221;][\/vc_column][vc_column width=&#8221;1\/2&#8243;][vc_column_text]<\/p>\n<h4><em><strong>Und heute, 20 Jahre sp\u00e4ter, wie hat sich Evistone entwickelt?<\/strong><\/em><\/h4>\n<p>[\/vc_column_text][vc_column_text]<em>GF \/ 20 Jahre sp\u00e4ter, die Welt hat sich ver\u00e4ndert&#8230; Evistone hat sich angepasst. Heute setzen wir uns daf\u00fcr ein, den Designmarkt f\u00fcr den Verbraucher zu \u00f6ffnen, ihm zu erm\u00f6glichen, ein Einzelst\u00fcck zu besitzen, mit ihm an einem Projekt zu arbeiten, das ihm wichtig ist.<\/em><\/p>\n<p><em>\u00a0<\/em><\/p>\n<p style=\"font-weight: 400;\"><em>Anf\u00e4nglich auf B\u00e4der spezialisiert, haben wir dann K\u00fcchen, B\u00fccherschr\u00e4nke, Kamine, Arbeitsplatten, Treppen, Fernsehm\u00f6bel, Spiegel, Bars, Heizk\u00f6rperverkleidungen&#8230;<\/em><\/p>\n<p><em>\u00a0<\/em><\/p>\n<p><em>Seit 2020 haben wir die Fl\u00e4che unserer Werkstatt verdoppelt und sie mit Maschinen der neuesten Technologie ausgestattet, um eine neue Reihe einzigartiger Tische und unsere neue Spa &amp; Pool-Kollektion von Pools, Whirlpools, Schwimmkorridoren, Wellnessbereichen&#8230; anzubieten, die Sie in unserem Ausstellungsraum entdecken k\u00f6nnen.<\/em>[\/vc_column_text][\/vc_column][\/vc_row][vc_row row_type=&#8221;row&#8221; use_row_as_full_screen_section=&#8221;no&#8221; type=&#8221;full_width&#8221; text_align=&#8221;left&#8221; background_animation=&#8221;none&#8221; css_animation=&#8221;&#8221;][vc_column][vc_empty_space height=&#8221;50px&#8221;][\/vc_column][\/vc_row][vc_row row_type=&#8221;row&#8221; use_row_as_full_screen_section=&#8221;no&#8221; type=&#8221;grid&#8221; text_align=&#8221;left&#8221; background_animation=&#8221;none&#8221; css_animation=&#8221;&#8221;][vc_column width=&#8221;1\/2&#8243;][vc_column_text]<\/p>\n<h4><em><strong>Was sind Ihrer Meinung nach die St\u00e4rken von Evistone?<\/strong><\/em><\/h4>\n<p>[\/vc_column_text][vc_column_text]<\/p>\n<p style=\"font-weight: 400;\"><em>GF \/ Wenn Sie zu Evistone kommen, ist jedem Kunden eine seri\u00f6se und sorgf\u00e4ltige Arbeit garantiert. Unsere M\u00f6bel haben die Besonderheit, einzigartig, stilvoll und zeitlos zu sein.<\/em><\/p>\n<p style=\"font-weight: 400;\"><em>Unsere Mehrwerte liegen sowohl in der vollst\u00e4ndigen Kontrolle der Fertigungskette (wir f\u00fchren alles in unserer Werkstatt aus) als auch in den 4 Hauptmaterialien, die Stein, Stahl, Holz und Glas sind.<\/em><\/p>\n<p>[\/vc_column_text][\/vc_column][vc_column width=&#8221;1\/2&#8243;][vc_single_image image=&#8221;1718&#8243; img_size=&#8221;full&#8221; qode_css_animation=&#8221;&#8221;][\/vc_column][\/vc_row][vc_row row_type=&#8221;row&#8221; use_row_as_full_screen_section=&#8221;no&#8221; type=&#8221;full_width&#8221; text_align=&#8221;left&#8221; background_animation=&#8221;none&#8221; css_animation=&#8221;&#8221;][vc_column][vc_empty_space height=&#8221;50px&#8221;][\/vc_column][\/vc_row][vc_row row_type=&#8221;row&#8221; use_row_as_full_screen_section=&#8221;no&#8221; type=&#8221;grid&#8221; text_align=&#8221;left&#8221; background_animation=&#8221;none&#8221; css_animation=&#8221;&#8221;][vc_column width=&#8221;1\/2&#8243;][vc_single_image image=&#8221;983&#8243; img_size=&#8221;full&#8221; qode_css_animation=&#8221;&#8221; css=&#8221;.vc_custom_1607978472263{margin-right: 30px !important;}&#8221;][\/vc_column][vc_column width=&#8221;1\/2&#8243;][vc_column_text]<\/p>\n<h4><em><strong>Wie wird sich Evistone Ihrer Meinung nach weiterentwickeln, was sind die zuk\u00fcnftigen Herausforderungen?<\/strong><\/em><\/h4>\n<p>[\/vc_column_text][vc_column_text]<\/p>\n<p style=\"font-weight: 400;\"><em>GF \/ Niemand kann die Zukunft vorhersagen, aber unsere St\u00e4rke war es schon immer, vorauszudenken. Wir haben uns immer an die Erwartungen unserer Kunden, an die Entwicklung des Marktes angepasst&#8230; Heute kehren wir mit aller Kraft zur\u00fcck zu Authentizit\u00e4t, Nat\u00fcrlichkeit und Nachhaltigkeit. Wir haben nicht auf diese Erkenntnis gewartet, bevor wir gehandelt haben. Wir haben schon immer in dieser Richtung mit edlen Materialien gearbeitet.<\/em><\/p>\n<p style=\"font-weight: 400;\"><em>Wir wollen prestigetr\u00e4chtige M\u00f6bel schaffen, die den Test der Zeit bestehen&#8230;<\/em><\/p>\n<p>[\/vc_column_text][\/vc_column][\/vc_row]<\/p>\n","protected":false},"excerpt":{"rendered":"<p>[vc_row row_type=&#8221;row&#8221; use_row_as_full_screen_section=&#8221;no&#8221; type=&#8221;full_width&#8221; text_align=&#8221;left&#8221; background_animation=&#8221;none&#8221; css_animation=&#8221;&#8221; css=&#8221;.vc_custom_1608058991679{margin-top: 3% !important;}&#8221;][vc_column css=&#8221;.vc_custom_1607338290083{margin-bottom: 2% !important;}&#8221;][vc_column_text] R\u00fcckblick auf 20 Jahre Evistone&#8230; [\/vc_column_text][\/vc_column][\/vc_row][vc_row row_type=&#8221;row&#8221; use_row_as_full_screen_section=&#8221;no&#8221; type=&#8221;full_width&#8221; text_align=&#8221;left&#8221; background_animation=&#8221;none&#8221; css_animation=&#8221;&#8221;][vc_column width=&#8221;1\/6&#8243;][\/vc_column][vc_column width=&#8221;2\/3&#8243;][vc_video link=&#8221;https:\/\/www.youtube.com\/watch?v=fY-Gcfx2AvQ&amp;ab_channel=Evistone&#8221;][\/vc_column][vc_column width=&#8221;1\/6&#8243;][\/vc_column][\/vc_row][vc_row row_type=&#8221;row&#8221; use_row_as_full_screen_section=&#8221;no&#8221; type=&#8221;full_width&#8221; text_align=&#8221;left&#8221; background_animation=&#8221;none&#8221; css_animation=&#8221;&#8221;][vc_column][vc_empty_space height=&#8221;50px&#8221;][\/vc_column][\/vc_row][vc_row row_type=&#8221;row&#8221; use_row_as_full_screen_section=&#8221;no&#8221; type=&#8221;grid&#8221; text_align=&#8221;left&#8221; background_animation=&#8221;none&#8221; css_animation=&#8221;&#8221;][vc_column width=&#8221;1\/2&#8243;][vc_empty_space height=&#8221;50px&#8221;][vc_column_text] Gaetano&#8230;<\/p>\n","protected":false},"author":1,"featured_media":0,"parent":0,"menu_order":0,"comment_status":"closed","ping_status":"closed","template":"contact-page.php","meta":{"footnotes":""},"yoast_head":"<!-- This site is optimized with the Yoast SEO plugin v17.4 - https:\/\/yoast.com\/wordpress\/plugins\/seo\/ -->\n<title>Unsere Geschichte - Evistone<\/title>\n<meta name=\"robots\" content=\"index, follow, max-snippet:-1, max-image-preview:large, max-video-preview:-1\" \/>\n<link rel=\"canonical\" href=\"https:\/\/www.evistone.com\/de\/unsere-geschichte\/\" \/>\n<meta property=\"og:locale\" content=\"de_DE\" \/>\n<meta property=\"og:type\" content=\"article\" \/>\n<meta property=\"og:title\" content=\"Unsere Geschichte - Evistone\" \/>\n<meta property=\"og:description\" content=\"[vc_row row_type=&#8221;row&#8221; use_row_as_full_screen_section=&#8221;no&#8221; type=&#8221;full_width&#8221; text_align=&#8221;left&#8221; background_animation=&#8221;none&#8221; css_animation=&#8221;&#8221; css=&#8221;.vc_custom_1608058991679{margin-top: 3% !important;}&#8221;][vc_column css=&#8221;.vc_custom_1607338290083{margin-bottom: 2% !important;}&#8221;][vc_column_text] R\u00fcckblick auf 20 Jahre Evistone&#8230; [\/vc_column_text][\/vc_column][\/vc_row][vc_row row_type=&#8221;row&#8221; use_row_as_full_screen_section=&#8221;no&#8221; type=&#8221;full_width&#8221; text_align=&#8221;left&#8221; background_animation=&#8221;none&#8221; css_animation=&#8221;&#8221;][vc_column width=&#8221;1\/6&#8243;][\/vc_column][vc_column width=&#8221;2\/3&#8243;][vc_video link=&#8221;https:\/\/www.youtube.com\/watch?v=fY-Gcfx2AvQ&amp;ab_channel=Evistone&#8221;][\/vc_column][vc_column width=&#8221;1\/6&#8243;][\/vc_column][\/vc_row][vc_row row_type=&#8221;row&#8221; use_row_as_full_screen_section=&#8221;no&#8221; type=&#8221;full_width&#8221; text_align=&#8221;left&#8221; background_animation=&#8221;none&#8221; css_animation=&#8221;&#8221;][vc_column][vc_empty_space height=&#8221;50px&#8221;][\/vc_column][\/vc_row][vc_row row_type=&#8221;row&#8221; use_row_as_full_screen_section=&#8221;no&#8221; type=&#8221;grid&#8221; text_align=&#8221;left&#8221; background_animation=&#8221;none&#8221; css_animation=&#8221;&#8221;][vc_column width=&#8221;1\/2&#8243;][vc_empty_space height=&#8221;50px&#8221;][vc_column_text] Gaetano...\" \/>\n<meta property=\"og:url\" content=\"https:\/\/www.evistone.com\/de\/unsere-geschichte\/\" \/>\n<meta property=\"og:site_name\" content=\"Evistone\" \/>\n<meta property=\"article:modified_time\" content=\"2021-04-14T19:28:36+00:00\" \/>\n<meta name=\"twitter:card\" content=\"summary_large_image\" \/>\n<meta name=\"twitter:label1\" content=\"Est. reading time\" \/>\n\t<meta name=\"twitter:data1\" content=\"7 minutes\" \/>\n<script type=\"application\/ld+json\" class=\"yoast-schema-graph\">{\"@context\":\"https:\/\/schema.org\",\"@graph\":[{\"@type\":\"WebSite\",\"@id\":\"https:\/\/www.evistone.com\/#website\",\"url\":\"https:\/\/www.evistone.com\/\",\"name\":\"Evistone\",\"description\":\"Mobilier haut de gamme sur mesure\",\"potentialAction\":[{\"@type\":\"SearchAction\",\"target\":{\"@type\":\"EntryPoint\",\"urlTemplate\":\"https:\/\/www.evistone.com\/?s={search_term_string}\"},\"query-input\":\"required name=search_term_string\"}],\"inLanguage\":\"de-DE\"},{\"@type\":\"WebPage\",\"@id\":\"https:\/\/www.evistone.com\/de\/unsere-geschichte\/#webpage\",\"url\":\"https:\/\/www.evistone.com\/de\/unsere-geschichte\/\",\"name\":\"Unsere Geschichte - Evistone\",\"isPartOf\":{\"@id\":\"https:\/\/www.evistone.com\/#website\"},\"datePublished\":\"2017-06-19T14:25:34+00:00\",\"dateModified\":\"2021-04-14T19:28:36+00:00\",\"breadcrumb\":{\"@id\":\"https:\/\/www.evistone.com\/de\/unsere-geschichte\/#breadcrumb\"},\"inLanguage\":\"de-DE\",\"potentialAction\":[{\"@type\":\"ReadAction\",\"target\":[\"https:\/\/www.evistone.com\/de\/unsere-geschichte\/\"]}]},{\"@type\":\"BreadcrumbList\",\"@id\":\"https:\/\/www.evistone.com\/de\/unsere-geschichte\/#breadcrumb\",\"itemListElement\":[{\"@type\":\"ListItem\",\"position\":1,\"name\":\"Home\",\"item\":\"https:\/\/www.evistone.com\/\"},{\"@type\":\"ListItem\",\"position\":2,\"name\":\"Unsere Geschichte\"}]}]}<\/script>\n<!-- \/ Yoast SEO plugin. -->","yoast_head_json":{"title":"Unsere Geschichte - Evistone","robots":{"index":"index","follow":"follow","max-snippet":"max-snippet:-1","max-image-preview":"max-image-preview:large","max-video-preview":"max-video-preview:-1"},"canonical":"https:\/\/www.evistone.com\/de\/unsere-geschichte\/","og_locale":"de_DE","og_type":"article","og_title":"Unsere Geschichte - Evistone","og_description":"[vc_row row_type=&#8221;row&#8221; use_row_as_full_screen_section=&#8221;no&#8221; type=&#8221;full_width&#8221; text_align=&#8221;left&#8221; background_animation=&#8221;none&#8221; css_animation=&#8221;&#8221; css=&#8221;.vc_custom_1608058991679{margin-top: 3% !important;}&#8221;][vc_column css=&#8221;.vc_custom_1607338290083{margin-bottom: 2% !important;}&#8221;][vc_column_text] R\u00fcckblick auf 20 Jahre Evistone&#8230; [\/vc_column_text][\/vc_column][\/vc_row][vc_row row_type=&#8221;row&#8221; use_row_as_full_screen_section=&#8221;no&#8221; type=&#8221;full_width&#8221; text_align=&#8221;left&#8221; background_animation=&#8221;none&#8221; css_animation=&#8221;&#8221;][vc_column width=&#8221;1\/6&#8243;][\/vc_column][vc_column width=&#8221;2\/3&#8243;][vc_video link=&#8221;https:\/\/www.youtube.com\/watch?v=fY-Gcfx2AvQ&amp;ab_channel=Evistone&#8221;][\/vc_column][vc_column width=&#8221;1\/6&#8243;][\/vc_column][\/vc_row][vc_row row_type=&#8221;row&#8221; use_row_as_full_screen_section=&#8221;no&#8221; type=&#8221;full_width&#8221; text_align=&#8221;left&#8221; background_animation=&#8221;none&#8221; css_animation=&#8221;&#8221;][vc_column][vc_empty_space height=&#8221;50px&#8221;][\/vc_column][\/vc_row][vc_row row_type=&#8221;row&#8221; use_row_as_full_screen_section=&#8221;no&#8221; type=&#8221;grid&#8221; text_align=&#8221;left&#8221; background_animation=&#8221;none&#8221; css_animation=&#8221;&#8221;][vc_column width=&#8221;1\/2&#8243;][vc_empty_space height=&#8221;50px&#8221;][vc_column_text] Gaetano...","og_url":"https:\/\/www.evistone.com\/de\/unsere-geschichte\/","og_site_name":"Evistone","article_modified_time":"2021-04-14T19:28:36+00:00","twitter_card":"summary_large_image","twitter_misc":{"Est. reading time":"7 minutes"},"schema":{"@context":"https:\/\/schema.org","@graph":[{"@type":"WebSite","@id":"https:\/\/www.evistone.com\/#website","url":"https:\/\/www.evistone.com\/","name":"Evistone","description":"Mobilier haut de gamme sur mesure","potentialAction":[{"@type":"SearchAction","target":{"@type":"EntryPoint","urlTemplate":"https:\/\/www.evistone.com\/?s={search_term_string}"},"query-input":"required name=search_term_string"}],"inLanguage":"de-DE"},{"@type":"WebPage","@id":"https:\/\/www.evistone.com\/de\/unsere-geschichte\/#webpage","url":"https:\/\/www.evistone.com\/de\/unsere-geschichte\/","name":"Unsere Geschichte - Evistone","isPartOf":{"@id":"https:\/\/www.evistone.com\/#website"},"datePublished":"2017-06-19T14:25:34+00:00","dateModified":"2021-04-14T19:28:36+00:00","breadcrumb":{"@id":"https:\/\/www.evistone.com\/de\/unsere-geschichte\/#breadcrumb"},"inLanguage":"de-DE","potentialAction":[{"@type":"ReadAction","target":["https:\/\/www.evistone.com\/de\/unsere-geschichte\/"]}]},{"@type":"BreadcrumbList","@id":"https:\/\/www.evistone.com\/de\/unsere-geschichte\/#breadcrumb","itemListElement":[{"@type":"ListItem","position":1,"name":"Home","item":"https:\/\/www.evistone.com\/"},{"@type":"ListItem","position":2,"name":"Unsere Geschichte"}]}]}},"_links":{"self":[{"href":"https:\/\/www.evistone.com\/de\/wp-json\/wp\/v2\/pages\/2276"}],"collection":[{"href":"https:\/\/www.evistone.com\/de\/wp-json\/wp\/v2\/pages"}],"about":[{"href":"https:\/\/www.evistone.com\/de\/wp-json\/wp\/v2\/types\/page"}],"author":[{"embeddable":true,"href":"https:\/\/www.evistone.com\/de\/wp-json\/wp\/v2\/users\/1"}],"replies":[{"embeddable":true,"href":"https:\/\/www.evistone.com\/de\/wp-json\/wp\/v2\/comments?post=2276"}],"version-history":[{"count":6,"href":"https:\/\/www.evistone.com\/de\/wp-json\/wp\/v2\/pages\/2276\/revisions"}],"predecessor-version":[{"id":2298,"href":"https:\/\/www.evistone.com\/de\/wp-json\/wp\/v2\/pages\/2276\/revisions\/2298"}],"wp:attachment":[{"href":"https:\/\/www.evistone.com\/de\/wp-json\/wp\/v2\/media?parent=2276"}],"curies":[{"name":"wp","href":"https:\/\/api.w.org\/{rel}","templated":true}]}}